{"id":2,"date":"2019-09-05T08:43:55","date_gmt":"2019-09-05T08:43:55","guid":{"rendered":"https:\/\/sanpatricio.cloud.nextbitness.com\/?p=2"},"modified":"2025-06-06T17:41:30","modified_gmt":"2025-06-06T22:41:30","slug":"location","status":"publish","type":"page","link":"https:\/\/sanpatricio.cloud.nextbitness.com\/?page_id=2","title":{"rendered":"Location"},"content":{"rendered":"<p><img decoding=\"async\" src=\"\/wp-content\/uploads\/2025\/05\/LOGO-COLONCORP-AZUL-PNG.png\" alt=\"\"><\/p>\n<h1>SOBRE COLONCORP<\/h1>\n<p><video src=\"\/wp-content\/uploads\/2025\/05\/coloncorp.mp4\" poster=\"\"><\/video><\/p>\n<h2><span>Coloncorp<\/span><\/h2>\n<div>TRAYECTORIA Y CONFIANZA <br \/>EN NUESTROS DESARROLLOS<\/div>\n<div>En el a\u00f1o 1994 nace Grupo Inmobiliario Coloncorp, empresa que desde su origen se ha convertido en uno de los principales referentes en el sector de la construcci\u00f3n a nivel nacional.<\/p>\n<p>A lo largo de todos estos a\u00f1os ha liderado proyectos que han generado plusval\u00eda constante a quienes han adquirido sus inmuebles.<\/p>\n<p>Coloncorp, mediante una propuesta diferenciadora en el mercado inmobiliario, desarrolla productos de alta calidad, basados en la mejora continua de sus procesos, convirti\u00e9ndose as\u00ed en una empresa que responde a las actualizaciones t\u00e9cnicas y normativas, lo que le ha permitido un liderazgo permanente.<\/p><\/div>\n<div>Pioneros en la ciudad de Guayaquil desde la d\u00e9cada de los 90, con importantes desarrollos inmobiliarios, entre los cuales se destacan: Hotel Hilton Col\u00f3n, Torres Col\u00f3n, Hotel Barcel\u00f3 Miramar, Ciudad Col\u00f3n (en donde se encuentra Santa Fe Tower, proyecto lanzado en marzo del 2021 en sociedad con la empresa Pronobis), adem\u00e1s del innovador cl\u00faster empresarial Pac\u00edfica Center y el emblem\u00e1tico edificio de negocios Centrum.<\/p>\n<p>La trayectoria de Coloncorp, sus principios, directiva y una planeada estructura empresarial hacen que cada vez m\u00e1s la empresa afiance la confianza y satisfacci\u00f3n de sus clientes.<\/p><\/div>\n<ul>\n<li>\n<p>        <img decoding=\"async\" src=\"\/wp-content\/uploads\/2025\/05\/PACIFICA-CENTER-OK-1.webp\" alt=\"\"><\/p>\n<h3>Pacifica Center<\/h3>\n<\/li>\n<li>\n<p>        <img decoding=\"async\" src=\"\/wp-content\/uploads\/2025\/05\/PARQUE-EMPRESARIAL-COLON-1.webp\" alt=\"\"><\/p>\n<h3>Parque empresarial Col\u00f3n<\/h3>\n<\/li>\n<li>\n<p>        <img decoding=\"async\" src=\"\/wp-content\/uploads\/2025\/05\/HILTON-COLON-1-1.webp\" alt=\"\"><\/p>\n<h3>Hotel Hilton Col\u00f3n<\/h3>\n<\/li>\n<li>\n<p>        <img decoding=\"async\" src=\"\/wp-content\/uploads\/2025\/05\/CENTRUM-1.jpg\" alt=\"\"><\/p>\n<h3>Edificio Centrum<\/h3>\n<\/li>\n<li>\n<p>        <img decoding=\"async\" src=\"\/wp-content\/uploads\/2025\/05\/San-Patricio-COLONCORP.webp\" alt=\"\"><\/p>\n<h3>Acqua Gardens<\/h3>\n<\/li>\n<\/ul>\n<div>Cont\u00e1ctanos<\/div>\n<div>\n<p>    <script type=\"module\">\n  import Typebot from 'https:\/\/cdn.jsdelivr.net\/npm\/@typebot.io\/js@0.3\/dist\/web.js';<\/p>\n<p>  Typebot.initStandard({ typebot: \"san-patricio-contacto-3cv4aqi\" });\n<\/script><\/p>\n<p><typebot-standard style=\"width: 100%; height: 400px; \"><\/typebot-standard>\n<\/div>\n<p><!--more--><br \/>\n<!-- {\"type\":\"layout\",\"children\":[{\"type\":\"section\",\"props\":{\"header_transparent\":true,\"header_transparent_text_color\":\"dark\",\"image_position\":\"center-center\",\"padding\":\"xlarge\",\"padding_remove_bottom\":true,\"style\":\"muted\",\"title_breakpoint\":\"xl\",\"title_position\":\"top-left\",\"title_rotation\":\"left\",\"vertical_align\":\"\",\"width\":\"expand\"},\"children\":[{\"type\":\"row\",\"children\":[{\"type\":\"column\",\"props\":{\"image_position\":\"center-center\",\"position_sticky_breakpoint\":\"m\"},\"children\":[{\"type\":\"image\",\"props\":{\"image\":\"wp-content\\\/uploads\\\/2025\\\/05\\\/LOGO-COLONCORP-AZUL-PNG.png\",\"image_svg_color\":\"emphasis\",\"image_width\":300,\"margin\":\"default\",\"text_align\":\"center\"}},{\"type\":\"headline\",\"props\":{\"animation\":\"parallax\",\"content\":\"SOBRE COLONCORP\",\"parallax_breakpoint\":\"m\",\"parallax_target\":\"!.uk-section\",\"parallax_y\":\"70vh\",\"text_align\":\"center\",\"title_element\":\"h1\",\"title_style\":\"heading-medium\"}}]}]},{\"type\":\"row\",\"children\":[{\"type\":\"column\",\"props\":{\"image_position\":\"center-center\",\"position_sticky_breakpoint\":\"m\"},\"children\":[{\"type\":\"video\",\"props\":{\"animation\":\"parallax\",\"margin\":\"xlarge\",\"parallax_breakpoint\":\"s\",\"parallax_scale\":\"1.7\",\"parallax_transform_origin\":\"bottom-center\",\"position\":\"relative\",\"position_z_index\":\"1\",\"text_align\":\"center\",\"video\":\"wp-content\\\/uploads\\\/2025\\\/05\\\/coloncorp.mp4\",\"video_autoplay\":\"inview\",\"video_controls\":false,\"video_height\":\"900\",\"video_loop\":true,\"video_muted\":true,\"video_playsinline\":true,\"video_width\":\"1600\"}}]}],\"props\":{\"margin\":\"xlarge\"}}],\"name\":\"Hero\"},{\"type\":\"section\",\"props\":{\"image_position\":\"center-center\",\"padding\":\"large\",\"padding_remove_top\":false,\"sticky\":\"cover\",\"style\":\"muted\",\"title_breakpoint\":\"xl\",\"title_position\":\"top-left\",\"title_rotation\":\"left\",\"vertical_align\":\"\",\"width\":\"default\"},\"children\":[{\"type\":\"row\",\"children\":[{\"type\":\"column\",\"props\":{\"image_position\":\"center-center\",\"position_sticky_breakpoint\":\"m\"},\"children\":[{\"type\":\"headline\",\"props\":{\"content\":\"<span>Coloncorp<\\\/span>\",\"margin\":\"remove-vertical\",\"text_align\":\"left\",\"text_align_breakpoint\":\"s\",\"text_align_fallback\":\"center\",\"title_color\":\"muted\",\"title_element\":\"h2\",\"title_style\":\"h6\"}},{\"type\":\"headline\",\"props\":{\"content\":\"TRAYECTORIA Y CONFIANZA <br \\\/>EN NUESTROS DESARROLLOS\",\"margin\":\"small\",\"text_align\":\"left\",\"text_align_breakpoint\":\"s\",\"text_align_fallback\":\"center\",\"title_element\":\"div\",\"title_style\":\"heading-medium\"}},{\"type\":\"fragment\",\"props\":{\"margin\":\"default\"},\"children\":[{\"type\":\"row\",\"props\":{\"layout\":\"1-2,1-2\"},\"children\":[{\"type\":\"column\",\"props\":{\"image_position\":\"center-center\",\"position_sticky_breakpoint\":\"m\",\"width_medium\":\"1-2\"},\"children\":[{\"type\":\"text\",\"props\":{\"column_breakpoint\":\"m\",\"content\":\"En el a\\u00f1o 1994 nace Grupo Inmobiliario Coloncorp, empresa que desde su origen se ha convertido en uno de los principales referentes en el sector de la construcci\\u00f3n a nivel nacional.\\n\\nA lo largo de todos estos a\\u00f1os ha liderado proyectos que han generado plusval\\u00eda constante a quienes han adquirido sus inmuebles.\\n\\nColoncorp, mediante una propuesta diferenciadora en el mercado inmobiliario, desarrolla productos de alta calidad, basados en la mejora continua de sus procesos, convirti\\u00e9ndose as\\u00ed en una empresa que responde a las actualizaciones t\\u00e9cnicas y normativas, lo que le ha permitido un liderazgo permanente.\",\"margin\":\"default\",\"text_align\":\"justify\"}}]},{\"type\":\"column\",\"props\":{\"image_position\":\"center-center\",\"position_sticky_breakpoint\":\"m\",\"width_medium\":\"1-2\"},\"children\":[{\"type\":\"text\",\"props\":{\"column_breakpoint\":\"m\",\"content\":\"Pioneros en la ciudad de Guayaquil desde la d\\u00e9cada de los 90, con importantes desarrollos inmobiliarios, entre los cuales se destacan: Hotel Hilton Col\\u00f3n, Torres Col\\u00f3n, Hotel Barcel\\u00f3 Miramar, Ciudad Col\\u00f3n (en donde se encuentra Santa Fe Tower, proyecto lanzado en marzo del 2021 en sociedad con la empresa Pronobis), adem\\u00e1s del innovador cl\\u00faster empresarial Pac\\u00edfica Center y el emblem\\u00e1tico edificio de negocios Centrum.\\n\\nLa trayectoria de Coloncorp, sus principios, directiva y una planeada estructura empresarial hacen que cada vez m\\u00e1s la empresa afiance la confianza y satisfacci\\u00f3n de sus clientes.\",\"margin\":\"default\",\"text_align\":\"justify\"}}]}]}]}]}]}],\"name\":\"Quote\"},{\"type\":\"section\",\"props\":{\"image_position\":\"center-center\",\"style\":\"default\",\"title_breakpoint\":\"xl\",\"title_position\":\"top-left\",\"title_rotation\":\"left\",\"vertical_align\":\"middle\",\"width\":\"default\"},\"children\":[{\"type\":\"row\",\"children\":[{\"type\":\"column\",\"props\":{\"image_position\":\"center-center\",\"position_sticky_breakpoint\":\"m\"},\"children\":[{\"type\":\"slideshow\",\"props\":{\"link_style\":\"default\",\"link_text\":\"Read more\",\"margin\":\"default\",\"meta_align\":\"below-title\",\"meta_element\":\"div\",\"meta_style\":\"text-meta\",\"nav\":\"dotnav\",\"nav_align\":\"center\",\"nav_breakpoint\":\"s\",\"nav_position\":\"bottom-center\",\"nav_position_margin\":\"medium\",\"overlay_animation\":\"parallax\",\"overlay_position\":\"center-left\",\"show_content\":false,\"show_link\":false,\"show_meta\":false,\"show_thumbnail\":true,\"show_title\":true,\"slidenav\":\"bottom-center\",\"slidenav_breakpoint\":\"s\",\"slidenav_margin\":\"medium\",\"slidenav_outside_breakpoint\":\"xl\",\"slideshow_autoplay\":true,\"slideshow_autoplay_interval\":\"5\",\"slideshow_autoplay_pause\":true,\"slideshow_box_decoration\":\"shadow\",\"slideshow_min_height\":300,\"slideshow_parallax\":false,\"thumbnav_height\":\"75\",\"thumbnav_svg_color\":\"emphasis\",\"thumbnav_width\":\"100\",\"title_element\":\"h3\",\"title_font_family\":\"default\",\"title_hover_style\":\"reset\",\"title_style\":\"heading-medium\"},\"children\":[{\"type\":\"slideshow_item\",\"props\":{\"content\":\"\",\"image\":\"wp-content\\\/uploads\\\/2025\\\/05\\\/PACIFICA-CENTER-OK-1.webp\",\"meta\":\"\",\"text_color\":\"light\",\"title\":\"Pacifica Center\"}},{\"type\":\"slideshow_item\",\"props\":{\"content\":\"\",\"image\":\"wp-content\\\/uploads\\\/2025\\\/05\\\/PARQUE-EMPRESARIAL-COLON-1.webp\",\"meta\":\"\",\"text_color\":\"light\",\"title\":\"Parque empresarial Col\\u00f3n\"}},{\"type\":\"slideshow_item\",\"props\":{\"content\":\"\",\"image\":\"wp-content\\\/uploads\\\/2025\\\/05\\\/HILTON-COLON-1-1.webp\",\"meta\":\"\",\"text_color\":\"light\",\"title\":\"Hotel Hilton Col\\u00f3n\"}},{\"type\":\"slideshow_item\",\"props\":{\"content\":\"\",\"image\":\"wp-content\\\/uploads\\\/2025\\\/05\\\/CENTRUM-1.jpg\",\"meta\":\"\",\"text_color\":\"light\",\"title\":\"Edificio Centrum\"}},{\"type\":\"slideshow_item\",\"props\":{\"content\":\"\",\"image\":\"wp-content\\\/uploads\\\/2025\\\/05\\\/San-Patricio-COLONCORP.webp\",\"meta\":\"\",\"text_color\":\"light\",\"title\":\"Acqua Gardens\"}}]}]}]}]},{\"name\":\"Call to Action\",\"type\":\"section\",\"props\":{\"id\":\"contact\",\"image_position\":\"center-center\",\"image_size\":\"cover\",\"padding\":\"large\",\"padding_remove_bottom\":false,\"style\":\"muted\",\"title_breakpoint\":\"xl\",\"title_position\":\"top-left\",\"title_rotation\":\"left\",\"vertical_align\":\"\",\"width\":\"small\"},\"children\":[{\"type\":\"row\",\"children\":[{\"type\":\"column\",\"props\":{\"image_position\":\"center-center\",\"position_sticky_breakpoint\":\"m\",\"vertical_align\":\"middle\"},\"children\":[{\"type\":\"headline\",\"props\":{\"content\":\"Cont\\u00e1ctanos\",\"maxwidth\":\"2xlarge\",\"position\":\"relative\",\"position_z_index\":\"1\",\"title_element\":\"div\",\"title_style\":\"heading-medium\"}},{\"type\":\"html\",\"props\":{\"content\":\"<script type=\\\"module\\\">\\n  import Typebot from 'https:\\\/\\\/cdn.jsdelivr.net\\\/npm\\\/@typebot.io\\\/js@0.3\\\/dist\\\/web.js';\\n\\n  Typebot.initStandard({ typebot: \\\"san-patricio-contacto-3cv4aqi\\\" });\\n<\\\/script>\\n\\n<typebot-standard style=\\\"width: 100%; height: 400px; \\\"><\\\/typebot-standard>\"}}]}],\"props\":{\"column_gap\":\"collapse\"}}]}],\"version\":\"4.5.13\"} --><\/p>\n","protected":false},"excerpt":{"rendered":"<p>SOBRE COLONCORP Coloncorp TRAYECTORIA Y CONFIANZA EN NUESTROS DESARROLLOS En el a\u00f1o 1994 nace Grupo Inmobiliario Coloncorp, empresa que desde su origen se ha convertido en uno de los principales referentes en el sector de la construcci\u00f3n a nivel nacional. A lo largo de todos estos a\u00f1os ha liderado proyectos que han generado plusval\u00eda constante [&hellip;]<\/p>\n","protected":false},"author":1,"featured_media":0,"parent":0,"menu_order":3,"comment_status":"open","ping_status":"open","template":"","meta":{"_acf_changed":false,"footnotes":""},"class_list":["post-2","page","type-page","status-publish","hentry"],"acf":[],"_links":{"self":[{"href":"https:\/\/sanpatricio.cloud.nextbitness.com\/index.php?rest_route=\/wp\/v2\/pages\/2","targetHints":{"allow":["GET"]}}],"collection":[{"href":"https:\/\/sanpatricio.cloud.nextbitness.com\/index.php?rest_route=\/wp\/v2\/pages"}],"about":[{"href":"https:\/\/sanpatricio.cloud.nextbitness.com\/index.php?rest_route=\/wp\/v2\/types\/page"}],"author":[{"embeddable":true,"href":"https:\/\/sanpatricio.cloud.nextbitness.com\/index.php?rest_route=\/wp\/v2\/users\/1"}],"replies":[{"embeddable":true,"href":"https:\/\/sanpatricio.cloud.nextbitness.com\/index.php?rest_route=%2Fwp%2Fv2%2Fcomments&post=2"}],"version-history":[{"count":39,"href":"https:\/\/sanpatricio.cloud.nextbitness.com\/index.php?rest_route=\/wp\/v2\/pages\/2\/revisions"}],"predecessor-version":[{"id":2903,"href":"https:\/\/sanpatricio.cloud.nextbitness.com\/index.php?rest_route=\/wp\/v2\/pages\/2\/revisions\/2903"}],"wp:attachment":[{"href":"https:\/\/sanpatricio.cloud.nextbitness.com\/index.php?rest_route=%2Fwp%2Fv2%2Fmedia&parent=2"}],"curies":[{"name":"wp","href":"https:\/\/api.w.org\/{rel}","templated":true}]}}