{"id":2672,"date":"2025-05-30T15:38:19","date_gmt":"2025-05-30T20:38:19","guid":{"rendered":"https:\/\/sanpatricio.cloud.nextbitness.com\/?page_id=2672"},"modified":"2025-06-06T16:15:16","modified_gmt":"2025-06-06T21:15:16","slug":"san-patricio-gardens","status":"publish","type":"page","link":"https:\/\/sanpatricio.cloud.nextbitness.com\/?page_id=2672","title":{"rendered":"San Patricio Gardens"},"content":{"rendered":"<h1>San Patricio Gardens<\/h1>\n<p><p>\n        <a href=\"#contact\">Cont\u00e1ctanos<\/a>\n    <\/p>\n<\/p>\n<p><img decoding=\"async\" src=\"\/wp-content\/uploads\/2025\/06\/Hero1.png\" alt=\"\"><br \/>\n<img decoding=\"async\" src=\"\/wp-content\/uploads\/2025\/06\/Hero2.png\" alt=\"\"><br \/>\n<img decoding=\"async\" src=\"\/wp-content\/uploads\/2025\/06\/Hero1.png\" alt=\"\"><br \/>\n<img decoding=\"async\" src=\"\/wp-content\/uploads\/2025\/06\/Hero2.png\" alt=\"\"><\/p>\n<h2>60 lotes unifamiliares.<br class=\"uk-visible@m\" \/>Con caracter\u00edsticas de dise\u00f1o \u00fanicas.<\/h2>\n<p><img decoding=\"async\" src=\"\/wp-content\/uploads\/2025\/06\/4.png\" alt=\"Sala y comedor departamentos\"><br \/>\n<img decoding=\"async\" src=\"\/wp-content\/uploads\/2025\/06\/5.png\" alt=\"Sala de reuniones oficinas\"><br \/>\n<img decoding=\"async\" src=\"\/wp-content\/uploads\/2025\/06\/6.png\" alt=\"Lobby Hotel de lujo\"><br \/>\n<img decoding=\"async\" src=\"\/wp-content\/uploads\/2025\/06\/cover-mitad.png\" alt=\"\"><br \/>\n<img decoding=\"async\" src=\"\/wp-content\/uploads\/2025\/06\/cover-mitad2.png\" alt=\"\"><\/p>\n<h2><span>Una inversi\u00f3n que promete cambiar tu vida<\/span><\/h2>\n<div>San Patricio Gardens Una Vida En Comuni\u00f3n Con La Naturaleza<\/div>\n<div>\n<p>Desarrollo residencial que te ofrece espacios ideales para llevar a cabo tus actividades predilectas, construye la casa de tus sue\u00f1os.<br \/>Si tu ritmo de vida es activo, en el proyecto encontrar\u00e1s una gran variedad de amenities adecuados para actividades de recreaci\u00f3n y esparcimiento.<\/p>\n<\/div>\n<div>\n<p>    <img decoding=\"async\" src=\"\/wp-content\/uploads\/yootheme\/icon-arrow-right.svg\" alt=\"\"><\/p>\n<p><a href=\"#amenities-casa-club\">Nuestra Casa Club<\/a><\/p>\n<\/div>\n<p><img decoding=\"async\" src=\"\/wp-content\/uploads\/2025\/06\/11.png\" alt=\"\"><br \/>\n<img decoding=\"async\" src=\"\/wp-content\/uploads\/2025\/06\/12.png\" alt=\"\"><br \/>\n<img decoding=\"async\" src=\"\/wp-content\/uploads\/2025\/06\/13.png\" alt=\"\"><br \/>\n<img decoding=\"async\" src=\"\/wp-content\/uploads\/2025\/06\/14.png\" alt=\"\"><\/p>\n<ul>\n<li>\n<p>        <img decoding=\"async\" src=\"\/wp-content\/uploads\/2025\/06\/11.png\" alt=\"\"><\/p>\n<\/li>\n<li>\n<p>        <img decoding=\"async\" src=\"\/wp-content\/uploads\/2025\/06\/12.png\" alt=\"\"><\/p>\n<\/li>\n<li>\n<p>        <img decoding=\"async\" src=\"\/wp-content\/uploads\/2025\/06\/13.png\" alt=\"\"><\/p>\n<\/li>\n<li>\n<p>        <img decoding=\"async\" src=\"\/wp-content\/uploads\/2025\/06\/14.png\" alt=\"\"><\/p>\n<\/li>\n<\/ul>\n<h2>Amenities<\/h2>\n<div><span>Casa club, seguridad, espacio y confort. Cualidades y ventajas de San Patricio Gardens.<\/span><\/div>\n<div>\n<p><span>San Patricio <\/span>Gardens no se limita a brindar lotes con todos los servicios necesarios, sino que apuesta a mucho m\u00e1s: elevar la calidad de vida de sus habitantes de la mejor manera posible.<\/p>\n<p>Es por ello que cuenta adem\u00e1s con un Club House, que incluye: Piscina, \u00c1rea de uso m\u00faltiple, Gimnasio, Juegos para ni\u00f1os.<\/p>\n<\/div>\n<div>Cont\u00e1ctanos<\/div>\n<div>\n<p>    <script type=\"module\">\n  import Typebot from 'https:\/\/cdn.jsdelivr.net\/npm\/@typebot.io\/js@0.3\/dist\/web.js';<\/p>\n<p>  Typebot.initStandard({ typebot: \"san-patricio-contacto-3cv4aqi\" });\n<\/script><\/p>\n<p><typebot-standard style=\"width: 100%; height: 400px; \"><\/typebot-standard>\n<\/div>\n<p><!--more--><br \/>\n<!-- {\"type\":\"layout\",\"children\":[{\"type\":\"section\",\"props\":{\"header_transparent\":true,\"header_transparent_noplaceholder\":false,\"header_transparent_text_color\":\"dark\",\"height\":\"viewport\",\"height_offset_top\":true,\"image_position\":\"center-center\",\"padding\":\"large\",\"style\":\"default\",\"title_breakpoint\":\"xl\",\"title_position\":\"top-left\",\"title_rotation\":\"left\",\"vertical_align\":\"middle\",\"width\":\"xlarge\",\"width_expand\":\"right\"},\"children\":[{\"type\":\"row\",\"props\":{\"layout\":\"1-2,1-2\"},\"children\":[{\"type\":\"column\",\"props\":{\"image_position\":\"center-center\",\"position_sticky_breakpoint\":\"m\",\"vertical_align\":\"middle\",\"width_medium\":\"1-2\",\"width_small\":\"2-3\"},\"children\":[{\"type\":\"headline\",\"props\":{\"content\":\"San Patricio Gardens\",\"maxwidth\":\"2xlarge\",\"position_z_index\":\"1\",\"text_align\":\"left\",\"text_align_breakpoint\":\"m\",\"text_align_fallback\":\"center\",\"title_element\":\"h1\",\"title_style\":\"heading-large\"}},{\"type\":\"button\",\"props\":{\"grid_column_gap\":\"small\",\"grid_row_gap\":\"small\",\"margin\":\"default\",\"text_align\":\"left\",\"text_align_breakpoint\":\"m\",\"text_align_fallback\":\"center\"},\"children\":[{\"type\":\"button_item\",\"props\":{\"button_style\":\"secondary\",\"content\":\"Cont\\u00e1ctanos\",\"dialog_layout\":\"modal\",\"dialog_offcanvas_flip\":true,\"icon\":\"receiver\",\"icon_align\":\"left\",\"link\":\"#contact\"}}]},{\"type\":\"image\",\"props\":{\"container_padding_remove\":true,\"image\":\"wp-content\\\/uploads\\\/2025\\\/06\\\/Hero1.png\",\"image_svg_color\":\"emphasis\",\"image_width\":\"1040\",\"margin\":\"xlarge\",\"visibility\":\"hidden-m\"}},{\"type\":\"image\",\"props\":{\"animation\":\"parallax\",\"css\":\".el-image { max-width: 45vw; }\",\"image\":\"wp-content\\\/uploads\\\/2025\\\/06\\\/Hero2.png\",\"image_box_decoration\":\"mask\",\"image_svg_color\":\"emphasis\",\"image_width\":\"255\",\"margin\":\"default\",\"parallax_y\":\"-10vh\",\"position\":\"absolute\",\"position_bottom\":\"-10vh\",\"position_left\":\"30vw\",\"visibility\":\"hidden-m\"}}]},{\"type\":\"column\",\"props\":{\"image_position\":\"center-center\",\"position_sticky_breakpoint\":\"m\",\"width_medium\":\"1-2\",\"width_small\":\"1-3\"},\"children\":[{\"type\":\"image\",\"props\":{\"container_padding_remove\":true,\"image\":\"wp-content\\\/uploads\\\/2025\\\/06\\\/Hero1.png\",\"image_loading\":true,\"image_svg_color\":\"emphasis\",\"image_width\":\"1040\",\"margin\":\"default\",\"visibility\":\"m\"}},{\"type\":\"image\",\"props\":{\"animation\":\"parallax\",\"image\":\"wp-content\\\/uploads\\\/2025\\\/06\\\/Hero2.png\",\"image_box_decoration\":\"mask\",\"image_loading\":true,\"image_svg_color\":\"emphasis\",\"image_width\":\"255\",\"margin\":\"default\",\"parallax_y\":\"-10vh\",\"position\":\"absolute\",\"position_bottom\":\"-8vh\",\"position_left\":\"-5vw\",\"visibility\":\"m\"}}]}]}],\"name\":\"Hero\"},{\"type\":\"section\",\"props\":{\"id\":\"interior\",\"image_position\":\"center-center\",\"padding\":\"xlarge\",\"padding_remove_bottom\":false,\"style\":\"muted\",\"title_breakpoint\":\"xl\",\"title_position\":\"top-left\",\"title_rotation\":\"left\",\"vertical_align\":\"\",\"width\":\"default\"},\"children\":[{\"type\":\"row\",\"children\":[{\"type\":\"column\",\"props\":{\"image_position\":\"center-center\",\"position_sticky\":\"section\",\"position_sticky_breakpoint\":\"\",\"position_sticky_offset\":\"50vh - 50%\"},\"children\":[{\"type\":\"headline\",\"props\":{\"content\":\"60 lotes unifamiliares.<br class=\\\"uk-visible@m\\\" \\\/>Con caracter\\u00edsticas de dise\\u00f1o \\u00fanicas.\",\"parallax_target\":\"!.uk-section\",\"text_align\":\"center\",\"title_element\":\"h2\",\"title_style\":\"heading-medium\"}}]}],\"props\":{\"margin\":\"xlarge\"}},{\"type\":\"row\",\"children\":[{\"type\":\"column\",\"props\":{\"image_position\":\"center-center\",\"position_sticky_breakpoint\":\"m\"},\"children\":[{\"type\":\"image\",\"props\":{\"css\":\"@media (min-width: 400px) {\\n  .el-image { max-width: 60vw; }\\n}\",\"image\":\"wp-content\\\/uploads\\\/2025\\\/06\\\/4.png\",\"image_alt\":\"Sala y comedor departamentos\",\"image_svg_color\":\"emphasis\",\"image_width\":\"850\",\"margin\":\"xlarge\",\"position\":\"relative\",\"position_z_index\":\"1\",\"text_align\":\"center\"}},{\"type\":\"image\",\"props\":{\"css\":\"@media (min-width: 400px) {\\n  .el-image { max-width: 60vw; }\\n}\",\"image\":\"wp-content\\\/uploads\\\/2025\\\/06\\\/5.png\",\"image_alt\":\"Sala de reuniones oficinas\",\"image_svg_color\":\"emphasis\",\"image_width\":\"850\",\"margin\":\"xlarge\",\"position\":\"relative\",\"position_z_index\":\"1\",\"text_align\":\"center\"}},{\"type\":\"image\",\"props\":{\"css\":\"@media (min-width: 400px) {\\n  .el-image { max-width: 60vw; }\\n}\",\"image\":\"wp-content\\\/uploads\\\/2025\\\/06\\\/6.png\",\"image_alt\":\"Lobby Hotel de lujo\",\"image_svg_color\":\"emphasis\",\"image_width\":\"850\",\"margin\":\"xlarge\",\"margin_remove_bottom\":false,\"position\":\"relative\",\"position_z_index\":\"1\",\"text_align\":\"center\"}}]}],\"props\":{\"css\":\".el-row { padding-bottom: 30vh; }\"}}],\"name\":\"Interior\"},{\"type\":\"section\",\"props\":{\"image_position\":\"bottom-center\",\"image_size\":\"cover\",\"image_width\":\"2560\",\"padding\":\"none\",\"padding_remove_top\":true,\"style\":\"default\",\"title_breakpoint\":\"xl\",\"title_position\":\"top-left\",\"title_rotation\":\"left\",\"vertical_align\":\"\",\"width\":\"\"},\"children\":[{\"type\":\"row\",\"children\":[{\"type\":\"column\",\"props\":{\"image_position\":\"center-center\",\"position_sticky_breakpoint\":\"m\"},\"children\":[{\"type\":\"image\",\"props\":{\"image\":\"wp-content\\\/uploads\\\/2025\\\/06\\\/cover-mitad.png\",\"image_svg_color\":\"emphasis\",\"image_width\":\"2560\",\"margin\":\"remove-vertical\"}},{\"type\":\"image\",\"props\":{\"animation\":\"parallax\",\"css\":\".el-element { pointer-events: none; }\",\"image\":\"wp-content\\\/uploads\\\/2025\\\/06\\\/cover-mitad2.png\",\"image_svg_color\":\"emphasis\",\"image_width\":\"350\",\"margin\":\"default\",\"parallax_y\":\"-15vh\",\"position\":\"absolute\",\"position_bottom\":\"-37vh\",\"position_left\":\"-15vw\",\"text_align\":\"right\",\"visibility\":\"m\"}}]}]}],\"name\":\"Equipment\"},{\"type\":\"section\",\"props\":{\"css\":\"@media (min-width: 1600px) {\\n    .el-section > div { min-height: 200vh; }\\n}\",\"image\":\"wp-content\\\/uploads\\\/yootheme\\\/apartments-equipment-bg.png\",\"image_position\":\"bottom-center\",\"image_width\":\"2560\",\"media_visibility\":\"xl\",\"padding\":\"large\",\"padding_remove_top\":false,\"style\":\"default\",\"title_breakpoint\":\"xl\",\"title_position\":\"top-left\",\"title_rotation\":\"left\",\"vertical_align\":\"\",\"width\":\"default\"},\"children\":[{\"type\":\"row\",\"props\":{\"margin\":\"remove-vertical\",\"padding_remove_horizontal\":false},\"children\":[{\"type\":\"column\",\"props\":{\"image_position\":\"top-center\",\"image_size\":\"cover\",\"image_width\":\"2560\",\"position_sticky_breakpoint\":\"m\"},\"children\":[{\"type\":\"headline\",\"props\":{\"content\":\"<span>Una inversi\\u00f3n que promete cambiar tu vida<\\\/span>\",\"margin\":\"remove-vertical\",\"title_element\":\"h2\",\"title_style\":\"h6\"}},{\"type\":\"headline\",\"props\":{\"content\":\"San Patricio Gardens Una Vida En Comuni\\u00f3n Con La Naturaleza\",\"margin\":\"small\",\"maxwidth\":\"large\",\"title_element\":\"div\",\"title_style\":\"h1\"}},{\"type\":\"text\",\"props\":{\"column_breakpoint\":\"m\",\"content\":\"\n\n<p>Desarrollo residencial que te ofrece espacios ideales para llevar a cabo tus actividades predilectas, construye la casa de tus sue\\u00f1os.<br \\\/>Si tu ritmo de vida es activo, en el proyecto encontrar\\u00e1s una gran variedad de amenities adecuados para actividades de recreaci\\u00f3n y esparcimiento.<\\\/p>\",\"margin\":\"medium\",\"maxwidth\":\"2xlarge\"}},{\"type\":\"list\",\"props\":{\"column_breakpoint\":\"m\",\"content_style\":\"h3\",\"icon_width\":\"30\",\"image_align\":\"right\",\"image_svg_color\":\"emphasis\",\"image_svg_inline\":true,\"image_vertical_align\":true,\"link_style\":\"heading\",\"list_element\":\"ul\",\"list_horizontal_separator\":\", \",\"list_size\":\"large\",\"list_style\":\"divider\",\"list_type\":\"vertical\",\"margin\":\"large\",\"maxwidth\":\"large\",\"show_image\":true,\"show_link\":true},\"children\":[{\"type\":\"list_item\",\"props\":{\"content\":\"Nuestra Casa Club\",\"icon\":\"\",\"image\":\"wp-content\\\/uploads\\\/yootheme\\\/icon-arrow-right.svg\",\"link\":\"#amenities-casa-club\"}}]}]}]}],\"name\":\"Equipment\"},{\"type\":\"section\",\"props\":{\"id\":\"amenities-casa-club\",\"image_position\":\"center-center\",\"padding\":\"none\",\"padding_remove_bottom\":false,\"padding_remove_horizontal\":false,\"padding_remove_top\":false,\"style\":\"secondary\",\"title_breakpoint\":\"xl\",\"title_position\":\"top-left\",\"title_rotation\":\"left\",\"vertical_align\":\"\",\"width\":\"large\",\"width_expand\":\"left\"},\"children\":[{\"type\":\"row\",\"props\":{\"column_gap\":\"large\",\"layout\":\"3-5,2-5\",\"padding_remove_horizontal\":false,\"row_gap\":\"collapse\"},\"children\":[{\"type\":\"column\",\"props\":{\"image_position\":\"center-center\",\"padding\":\"none\",\"position_sticky_breakpoint\":\"m\",\"width_large\":\"3-5\",\"width_medium\":\"1-2\",\"width_small\":\"1-2\"},\"children\":[{\"type\":\"image\",\"props\":{\"animation\":\"none\",\"container_padding_remove\":true,\"image\":\"wp-content\\\/uploads\\\/2025\\\/06\\\/11.png\",\"image_loading\":false,\"image_svg_color\":\"emphasis\",\"image_width\":\"1180\",\"margin\":\"remove-vertical\",\"visibility\":\"s\"}},{\"type\":\"image\",\"props\":{\"animation\":\"none\",\"container_padding_remove\":true,\"image\":\"wp-content\\\/uploads\\\/2025\\\/06\\\/12.png\",\"image_loading\":true,\"image_svg_color\":\"emphasis\",\"image_width\":\"1180\",\"margin\":\"remove-vertical\",\"visibility\":\"s\"}},{\"type\":\"image\",\"props\":{\"animation\":\"none\",\"container_padding_remove\":true,\"image\":\"wp-content\\\/uploads\\\/2025\\\/06\\\/13.png\",\"image_loading\":true,\"image_svg_color\":\"emphasis\",\"image_width\":\"1180\",\"margin\":\"remove-vertical\",\"visibility\":\"s\"}},{\"type\":\"image\",\"props\":{\"animation\":\"none\",\"container_padding_remove\":true,\"image\":\"wp-content\\\/uploads\\\/2025\\\/06\\\/14.png\",\"image_loading\":true,\"image_svg_color\":\"emphasis\",\"image_width\":\"1180\",\"margin\":\"remove-vertical\",\"visibility\":\"s\"}}]},{\"type\":\"column\",\"props\":{\"image_position\":\"center-center\",\"padding\":\"large\",\"position_sticky\":\"column\",\"position_sticky_breakpoint\":\"s\",\"position_sticky_offset\":\"50vh - 50%\",\"style\":\"tile-secondary\",\"width_large\":\"2-5\",\"width_medium\":\"1-2\",\"width_small\":\"1-2\"},\"children\":[{\"type\":\"gallery\",\"props\":{\"filter_align\":\"left\",\"filter_all\":true,\"filter_grid_breakpoint\":\"m\",\"filter_grid_width\":\"auto\",\"filter_position\":\"top\",\"filter_style\":\"tab\",\"grid_default\":\"2\",\"grid_medium\":\"\",\"item_animation\":true,\"lightbox_bg_close\":true,\"link_style\":\"default\",\"link_text\":\"Read more\",\"margin\":\"small\",\"margin_remove_top\":false,\"meta_align\":\"below-title\",\"meta_element\":\"div\",\"meta_style\":\"text-meta\",\"overlay_hover\":false,\"overlay_mode\":\"caption\",\"overlay_position\":\"center\",\"overlay_style\":\"overlay-primary\",\"overlay_transition\":\"fade\",\"show_content\":true,\"show_hover_image\":true,\"show_hover_video\":true,\"show_link\":true,\"show_meta\":true,\"show_title\":true,\"text_align\":\"center\",\"text_color\":\"light\",\"title_element\":\"h3\",\"title_hover_style\":\"reset\",\"visibility\":\"hidden-s\"},\"children\":[{\"type\":\"gallery_item\",\"props\":{\"image\":\"wp-content\\\/uploads\\\/2025\\\/06\\\/11.png\"}},{\"type\":\"gallery_item\",\"props\":{\"image\":\"wp-content\\\/uploads\\\/2025\\\/06\\\/12.png\"}},{\"type\":\"gallery_item\",\"props\":{\"image\":\"wp-content\\\/uploads\\\/2025\\\/06\\\/13.png\"}},{\"type\":\"gallery_item\",\"props\":{\"image\":\"wp-content\\\/uploads\\\/2025\\\/06\\\/14.png\"}}]},{\"type\":\"headline\",\"props\":{\"block_align\":\"center\",\"content\":\"Amenities\",\"margin\":\"medium\",\"margin_remove_bottom\":true,\"maxwidth\":\"large\",\"title_element\":\"h2\",\"title_style\":\"h6\"}},{\"type\":\"headline\",\"props\":{\"block_align\":\"center\",\"content\":\"<span>Casa club, seguridad, espacio y confort. Cualidades y ventajas de San Patricio Gardens.<\\\/span>\",\"margin\":\"small\",\"maxwidth\":\"large\",\"title_element\":\"div\",\"title_style\":\"h1\"}},{\"type\":\"text\",\"props\":{\"column_breakpoint\":\"m\",\"content\":\"\n\n<p><span>San Patricio <\\\/span>Gardens no se limita a brindar lotes con todos los servicios necesarios, sino que apuesta a mucho m\\u00e1s: elevar la calidad de vida de sus habitantes de la mejor manera posible.<\\\/p>\\n\n\n<p>Es por ello que cuenta adem\\u00e1s con un Club House, que incluye: Piscina, \\u00c1rea de uso m\\u00faltiple, Gimnasio, Juegos para ni\\u00f1os.<\\\/p>\",\"margin\":\"default\"}}]}]}],\"name\":\"Amenities casa club\"},{\"name\":\"Call to Action\",\"type\":\"section\",\"props\":{\"id\":\"contact\",\"image_position\":\"center-center\",\"image_size\":\"cover\",\"padding\":\"large\",\"padding_remove_bottom\":false,\"style\":\"muted\",\"title_breakpoint\":\"xl\",\"title_position\":\"top-left\",\"title_rotation\":\"left\",\"vertical_align\":\"\",\"width\":\"small\"},\"children\":[{\"type\":\"row\",\"children\":[{\"type\":\"column\",\"props\":{\"image_position\":\"center-center\",\"position_sticky_breakpoint\":\"m\",\"vertical_align\":\"middle\"},\"children\":[{\"type\":\"headline\",\"props\":{\"content\":\"Cont\\u00e1ctanos\",\"maxwidth\":\"2xlarge\",\"position\":\"relative\",\"position_z_index\":\"1\",\"title_element\":\"div\",\"title_style\":\"heading-medium\"}},{\"type\":\"html\",\"props\":{\"content\":\"<script type=\\\"module\\\">\\n  import Typebot from 'https:\\\/\\\/cdn.jsdelivr.net\\\/npm\\\/@typebot.io\\\/js@0.3\\\/dist\\\/web.js';\\n\\n  Typebot.initStandard({ typebot: \\\"san-patricio-contacto-3cv4aqi\\\" });\\n<\\\/script>\\n\\n<typebot-standard style=\\\"width: 100%; height: 400px; \\\"><\\\/typebot-standard>\"}}]}],\"props\":{\"column_gap\":\"collapse\"}}]}],\"version\":\"4.5.13\"} --><\/p>\n","protected":false},"excerpt":{"rendered":"<p>San Patricio Gardens Cont\u00e1ctanos 60 lotes unifamiliares.Con caracter\u00edsticas de dise\u00f1o \u00fanicas. Una inversi\u00f3n que promete cambiar tu vida San Patricio Gardens Una Vida En Comuni\u00f3n Con La Naturaleza Desarrollo residencial que te ofrece espacios ideales para llevar a cabo tus actividades predilectas, construye la casa de tus sue\u00f1os.Si tu ritmo de vida es activo, en [&hellip;]<\/p>\n","protected":false},"author":1,"featured_media":0,"parent":0,"menu_order":0,"comment_status":"closed","ping_status":"closed","template":"","meta":{"_acf_changed":false,"footnotes":""},"class_list":["post-2672","page","type-page","status-publish","hentry"],"acf":[],"_links":{"self":[{"href":"https:\/\/sanpatricio.cloud.nextbitness.com\/index.php?rest_route=\/wp\/v2\/pages\/2672","targetHints":{"allow":["GET"]}}],"collection":[{"href":"https:\/\/sanpatricio.cloud.nextbitness.com\/index.php?rest_route=\/wp\/v2\/pages"}],"about":[{"href":"https:\/\/sanpatricio.cloud.nextbitness.com\/index.php?rest_route=\/wp\/v2\/types\/page"}],"author":[{"embeddable":true,"href":"https:\/\/sanpatricio.cloud.nextbitness.com\/index.php?rest_route=\/wp\/v2\/users\/1"}],"replies":[{"embeddable":true,"href":"https:\/\/sanpatricio.cloud.nextbitness.com\/index.php?rest_route=%2Fwp%2Fv2%2Fcomments&post=2672"}],"version-history":[{"count":35,"href":"https:\/\/sanpatricio.cloud.nextbitness.com\/index.php?rest_route=\/wp\/v2\/pages\/2672\/revisions"}],"predecessor-version":[{"id":2884,"href":"https:\/\/sanpatricio.cloud.nextbitness.com\/index.php?rest_route=\/wp\/v2\/pages\/2672\/revisions\/2884"}],"wp:attachment":[{"href":"https:\/\/sanpatricio.cloud.nextbitness.com\/index.php?rest_route=%2Fwp%2Fv2%2Fmedia&parent=2672"}],"curies":[{"name":"wp","href":"https:\/\/api.w.org\/{rel}","templated":true}]}}