{"id":2677,"date":"2025-05-30T15:40:59","date_gmt":"2025-05-30T20:40:59","guid":{"rendered":"https:\/\/sanpatricio.cloud.nextbitness.com\/?page_id=2677"},"modified":"2025-06-06T17:12:44","modified_gmt":"2025-06-06T22:12:44","slug":"hospital-metropolitano","status":"publish","type":"page","link":"https:\/\/sanpatricio.cloud.nextbitness.com\/?page_id=2677","title":{"rendered":"Hospital Metropolitano"},"content":{"rendered":"<h1>Hospital Metropolitano<\/h1>\n<p><p>\n        <a href=\"#contact\">Cont\u00e1ctanos<\/a>\n    <\/p>\n<\/p>\n<p><img decoding=\"async\" src=\"\/wp-content\/uploads\/2025\/06\/Hero1-2.png\" alt=\"\"><br \/>\n<img decoding=\"async\" src=\"\/wp-content\/uploads\/2025\/06\/Hero2-2.png\" alt=\"\"><br \/>\n<img decoding=\"async\" src=\"\/wp-content\/uploads\/2025\/06\/Hero1-2.png\" alt=\"\"><br \/>\n<img decoding=\"async\" src=\"\/wp-content\/uploads\/2025\/06\/Hero2-2.png\" alt=\"\"><\/p>\n<h2><span>Un proyecto que brindar\u00e1 un\u00a0<\/span><span>moderno concepto de salud a todo Cumbay\u00e1.<\/span><\/h2>\n<p><img decoding=\"async\" src=\"\/wp-content\/uploads\/2025\/06\/10.png\" alt=\"Sala y comedor departamentos\"><br \/>\n<img decoding=\"async\" src=\"\/wp-content\/uploads\/2025\/06\/12-1.png\" alt=\"Sala de reuniones oficinas\"><br \/>\n<img decoding=\"async\" src=\"\/wp-content\/uploads\/2025\/06\/11-1.png\" alt=\"Lobby Hotel de lujo\"><br \/>\n<img decoding=\"async\" src=\"\/wp-content\/uploads\/2025\/06\/principal-mitad.png\" alt=\"\"><br \/>\n<img decoding=\"async\" src=\"\/wp-content\/uploads\/2025\/06\/principal-mitad2.png\" alt=\"\"><\/p>\n<h2><span>Un nuevo concepto m\u00e9dico en Cumbay\u00e1<\/span><\/h2>\n<div>Estamos construyendo el nuevo Hospital Metropolitano San Patricio.<\/div>\n<div>\n<p>Se trata de una propuesta que busca descentralizar el sistema de salud, ofreci\u00e9ndole a la comunidad la posibilidad de acceder a un excelente servicio de salud privada de manera pr\u00e1ctica, cercana y sin necesidad de realizar grandes desplazamientos.<\/p>\n<p>A su vez ofrecemos una nueva experiencia en la pr\u00e1ctica m\u00e9dica: una experiencia de lujo y una nueva metodolog\u00eda de trabajo para los profesionales de la salud, combinando innovaci\u00f3n con un enfoque exclusivo en el bienestar y la excelencia. Con tecnolog\u00edas de vanguardia, amenidades y espacios dise\u00f1ados para potenciar la eficiencia y comodidad, proporcionamos a los m\u00e9dicos herramientas que transforman su forma de trabajar.<\/p>\n<\/div>\n<p><img decoding=\"async\" src=\"\/wp-content\/uploads\/2025\/06\/25.png\" alt=\"\"><br \/>\n<img decoding=\"async\" src=\"\/wp-content\/uploads\/2025\/06\/29.png\" alt=\"\"><br \/>\n<img decoding=\"async\" src=\"\/wp-content\/uploads\/2025\/06\/28.png\" alt=\"\"><br \/>\n<img decoding=\"async\" src=\"\/wp-content\/uploads\/2025\/06\/30.png\" alt=\"\"><br \/>\n<img decoding=\"async\" src=\"\/wp-content\/uploads\/2025\/06\/31.png\" alt=\"\"><\/p>\n<ul>\n<li>\n<p>        <img decoding=\"async\" src=\"\/wp-content\/uploads\/2025\/06\/25.png\" alt=\"\"><\/p>\n<\/li>\n<li>\n<p>        <img decoding=\"async\" src=\"\/wp-content\/uploads\/2025\/06\/29.png\" alt=\"\"><\/p>\n<\/li>\n<li>\n<p>        <img decoding=\"async\" src=\"\/wp-content\/uploads\/2025\/06\/28.png\" alt=\"\"><\/p>\n<\/li>\n<li>\n<p>        <img decoding=\"async\" src=\"\/wp-content\/uploads\/2025\/06\/31.png\" alt=\"\"><\/p>\n<\/li>\n<\/ul>\n<h2>Amenities del Hospital Metropolitano<\/h2>\n<div>Una novedosa forma de ejercer la salud.<\/div>\n<div>\n<p>San Patricio Smart Living introduce el primer complejo m\u00e9dico de Cumbay\u00e1 enfocado en la excelencia profesional y el bienestar integral. Sus torres albergan consultorios de \u00faltima generaci\u00f3n y amenities exclusivas \u2014lobby de doble altura, Doctor\u2019s Gym, rooftop running track, lounges y salas de reuniones ejecutivas\u2014 complementadas con estacionamientos cubiertos, cinco ascensores de alta velocidad y seguridad 24\/7 con acceso biom\u00e9trico. Todo el proyecto se sustenta en criterios de sostenibilidad: sistemas de ahorro de agua y energ\u00eda, recuperaci\u00f3n del 80 % de la vegetaci\u00f3n nativa y protecci\u00f3n UV, creando un entorno eficiente, saludable y vanguardista para m\u00e9dicos y pacientes.<\/p>\n<\/div>\n<div>Cont\u00e1ctanos<\/div>\n<div>\n<p>    <script type=\"module\">\n  import Typebot from 'https:\/\/cdn.jsdelivr.net\/npm\/@typebot.io\/js@0.3\/dist\/web.js';<\/p>\n<p>  Typebot.initStandard({ typebot: \"san-patricio-contacto-3cv4aqi\" });\n<\/script><\/p>\n<p><typebot-standard style=\"width: 100%; height: 400px; \"><\/typebot-standard>\n<\/div>\n<p><!--more--><br \/>\n<!-- {\"type\":\"layout\",\"children\":[{\"type\":\"section\",\"props\":{\"header_transparent\":true,\"header_transparent_noplaceholder\":false,\"header_transparent_text_color\":\"dark\",\"height\":\"viewport\",\"height_offset_top\":true,\"image_position\":\"center-center\",\"padding\":\"large\",\"style\":\"default\",\"title_breakpoint\":\"xl\",\"title_position\":\"top-left\",\"title_rotation\":\"left\",\"vertical_align\":\"middle\",\"width\":\"xlarge\",\"width_expand\":\"right\"},\"children\":[{\"type\":\"row\",\"props\":{\"layout\":\"1-2,1-2\"},\"children\":[{\"type\":\"column\",\"props\":{\"image_position\":\"center-center\",\"position_sticky_breakpoint\":\"m\",\"vertical_align\":\"middle\",\"width_medium\":\"1-2\",\"width_small\":\"2-3\"},\"children\":[{\"type\":\"headline\",\"props\":{\"content\":\"Hospital Metropolitano\",\"maxwidth\":\"2xlarge\",\"position\":\"relative\",\"position_z_index\":\"1\",\"text_align\":\"left\",\"text_align_breakpoint\":\"m\",\"text_align_fallback\":\"center\",\"title_element\":\"h1\",\"title_style\":\"heading-large\"}},{\"type\":\"button\",\"props\":{\"grid_column_gap\":\"small\",\"grid_row_gap\":\"small\",\"margin\":\"default\",\"text_align\":\"left\",\"text_align_breakpoint\":\"m\",\"text_align_fallback\":\"center\"},\"children\":[{\"type\":\"button_item\",\"props\":{\"button_style\":\"secondary\",\"content\":\"Cont\\u00e1ctanos\",\"dialog_layout\":\"modal\",\"dialog_offcanvas_flip\":true,\"icon\":\"receiver\",\"icon_align\":\"left\",\"link\":\"#contact\"}}]},{\"type\":\"image\",\"props\":{\"container_padding_remove\":true,\"image\":\"wp-content\\\/uploads\\\/2025\\\/06\\\/Hero1-2.png\",\"image_svg_color\":\"emphasis\",\"image_width\":\"1040\",\"margin\":\"xlarge\",\"visibility\":\"hidden-m\"}},{\"type\":\"image\",\"props\":{\"animation\":\"parallax\",\"css\":\".el-image { max-width: 45vw; }\",\"image\":\"wp-content\\\/uploads\\\/2025\\\/06\\\/Hero2-2.png\",\"image_box_decoration\":\"mask\",\"image_svg_color\":\"emphasis\",\"image_width\":\"255\",\"margin\":\"default\",\"parallax_y\":\"-10vh\",\"position\":\"absolute\",\"position_bottom\":\"-10vh\",\"position_left\":\"30vw\",\"visibility\":\"hidden-m\"}}]},{\"type\":\"column\",\"props\":{\"image_position\":\"center-center\",\"position_sticky_breakpoint\":\"m\",\"width_medium\":\"1-2\",\"width_small\":\"1-3\"},\"children\":[{\"type\":\"image\",\"props\":{\"container_padding_remove\":true,\"image\":\"wp-content\\\/uploads\\\/2025\\\/06\\\/Hero1-2.png\",\"image_loading\":true,\"image_svg_color\":\"emphasis\",\"image_width\":\"1040\",\"margin\":\"default\",\"visibility\":\"m\"}},{\"type\":\"image\",\"props\":{\"animation\":\"parallax\",\"image\":\"wp-content\\\/uploads\\\/2025\\\/06\\\/Hero2-2.png\",\"image_box_decoration\":\"mask\",\"image_loading\":true,\"image_svg_color\":\"emphasis\",\"image_width\":\"255\",\"margin\":\"default\",\"parallax_y\":\"-10vh\",\"position\":\"absolute\",\"position_bottom\":\"-8vh\",\"position_left\":\"-5vw\",\"visibility\":\"m\"}}]}]}],\"name\":\"Hero\"},{\"type\":\"section\",\"props\":{\"id\":\"interior\",\"image_position\":\"center-center\",\"padding\":\"xlarge\",\"padding_remove_bottom\":false,\"style\":\"muted\",\"title_breakpoint\":\"xl\",\"title_position\":\"top-left\",\"title_rotation\":\"left\",\"vertical_align\":\"\",\"width\":\"default\"},\"children\":[{\"type\":\"row\",\"children\":[{\"type\":\"column\",\"props\":{\"image_position\":\"center-center\",\"position_sticky\":\"section\",\"position_sticky_breakpoint\":\"\",\"position_sticky_offset\":\"50vh - 50%\"},\"children\":[{\"type\":\"headline\",\"props\":{\"content\":\"<span>Un proyecto que brindar\\u00e1 un\\u00a0<\\\/span><span>moderno concepto de salud a todo Cumbay\\u00e1.<\\\/span>\",\"parallax_target\":\"!.uk-section\",\"text_align\":\"center\",\"title_element\":\"h2\",\"title_style\":\"heading-medium\"}}]}],\"props\":{\"margin\":\"xlarge\"}},{\"type\":\"row\",\"children\":[{\"type\":\"column\",\"props\":{\"image_position\":\"center-center\",\"position_sticky_breakpoint\":\"m\"},\"children\":[{\"type\":\"image\",\"props\":{\"css\":\"@media (min-width: 400px) {\\n  .el-image { max-width: 60vw; }\\n}\",\"image\":\"wp-content\\\/uploads\\\/2025\\\/06\\\/10.png\",\"image_alt\":\"Sala y comedor departamentos\",\"image_svg_color\":\"emphasis\",\"image_width\":\"850\",\"margin\":\"xlarge\",\"position\":\"relative\",\"position_z_index\":\"1\",\"text_align\":\"center\"}},{\"type\":\"image\",\"props\":{\"css\":\"@media (min-width: 400px) {\\n  .el-image { max-width: 60vw; }\\n}\",\"image\":\"wp-content\\\/uploads\\\/2025\\\/06\\\/12-1.png\",\"image_alt\":\"Sala de reuniones oficinas\",\"image_svg_color\":\"emphasis\",\"image_width\":\"850\",\"margin\":\"xlarge\",\"position\":\"relative\",\"position_z_index\":\"1\",\"text_align\":\"center\"}},{\"type\":\"image\",\"props\":{\"css\":\"@media (min-width: 400px) {\\n  .el-image { max-width: 60vw; }\\n}\",\"image\":\"wp-content\\\/uploads\\\/2025\\\/06\\\/11-1.png\",\"image_alt\":\"Lobby Hotel de lujo\",\"image_svg_color\":\"emphasis\",\"image_width\":\"850\",\"margin\":\"xlarge\",\"margin_remove_bottom\":false,\"position\":\"relative\",\"position_z_index\":\"1\",\"text_align\":\"center\"}}]}],\"props\":{\"css\":\".el-row { padding-bottom: 30vh; }\"}}],\"name\":\"Interior\"},{\"type\":\"section\",\"props\":{\"image_position\":\"bottom-center\",\"image_size\":\"cover\",\"image_width\":\"2560\",\"padding\":\"none\",\"padding_remove_top\":true,\"style\":\"default\",\"title_breakpoint\":\"xl\",\"title_position\":\"top-left\",\"title_rotation\":\"left\",\"vertical_align\":\"\",\"width\":\"\"},\"children\":[{\"type\":\"row\",\"children\":[{\"type\":\"column\",\"props\":{\"image_position\":\"center-center\",\"position_sticky_breakpoint\":\"m\"},\"children\":[{\"type\":\"image\",\"props\":{\"image\":\"wp-content\\\/uploads\\\/2025\\\/06\\\/principal-mitad.png\",\"image_svg_color\":\"emphasis\",\"image_width\":\"2560\",\"margin\":\"remove-vertical\"}},{\"type\":\"image\",\"props\":{\"animation\":\"parallax\",\"css\":\".el-element { pointer-events: none; }\",\"image\":\"wp-content\\\/uploads\\\/2025\\\/06\\\/principal-mitad2.png\",\"image_svg_color\":\"emphasis\",\"image_width\":\"350\",\"margin\":\"default\",\"parallax_y\":\"-15vh\",\"position\":\"absolute\",\"position_bottom\":\"-37vh\",\"position_left\":\"-15vw\",\"text_align\":\"right\",\"visibility\":\"m\"}}]}]}],\"name\":\"Equipment\"},{\"type\":\"section\",\"props\":{\"css\":\"@media (min-width: 1600px) {\\n    .el-section > div { min-height: 200vh; }\\n}\",\"image\":\"wp-content\\\/uploads\\\/yootheme\\\/apartments-equipment-bg.png\",\"image_position\":\"bottom-center\",\"image_width\":\"2560\",\"media_visibility\":\"xl\",\"padding\":\"large\",\"padding_remove_top\":false,\"style\":\"default\",\"title_breakpoint\":\"xl\",\"title_position\":\"top-left\",\"title_rotation\":\"left\",\"vertical_align\":\"\",\"width\":\"default\"},\"children\":[{\"type\":\"row\",\"props\":{\"margin\":\"remove-vertical\",\"padding_remove_horizontal\":false},\"children\":[{\"type\":\"column\",\"props\":{\"image_position\":\"top-center\",\"image_size\":\"cover\",\"image_width\":\"2560\",\"position_sticky_breakpoint\":\"m\"},\"children\":[{\"type\":\"headline\",\"props\":{\"content\":\"<span>Un nuevo concepto m\\u00e9dico en Cumbay\\u00e1<\\\/span>\",\"margin\":\"remove-vertical\",\"title_element\":\"h2\",\"title_style\":\"h6\"}},{\"type\":\"headline\",\"props\":{\"content\":\"Estamos construyendo el nuevo Hospital Metropolitano San Patricio.\",\"margin\":\"small\",\"maxwidth\":\"large\",\"title_element\":\"div\",\"title_style\":\"h1\"}},{\"type\":\"text\",\"props\":{\"column_breakpoint\":\"m\",\"content\":\"\n\n<p>Se trata de una propuesta que busca descentralizar el sistema de salud, ofreci\\u00e9ndole a la comunidad la posibilidad de acceder a un excelente servicio de salud privada de manera pr\\u00e1ctica, cercana y sin necesidad de realizar grandes desplazamientos.<\\\/p>\\n\n\n<p>A su vez ofrecemos una nueva experiencia en la pr\\u00e1ctica m\\u00e9dica: una experiencia de lujo y una nueva metodolog\\u00eda de trabajo para los profesionales de la salud, combinando innovaci\\u00f3n con un enfoque exclusivo en el bienestar y la excelencia. Con tecnolog\\u00edas de vanguardia, amenidades y espacios dise\\u00f1ados para potenciar la eficiencia y comodidad, proporcionamos a los m\\u00e9dicos herramientas que transforman su forma de trabajar.<\\\/p>\",\"margin\":\"medium\",\"maxwidth\":\"2xlarge\"}}]}]}],\"name\":\"Equipment\"},{\"type\":\"section\",\"props\":{\"id\":\"amenities-departamentos\",\"image_position\":\"center-center\",\"padding\":\"none\",\"padding_remove_bottom\":false,\"padding_remove_horizontal\":false,\"padding_remove_top\":false,\"style\":\"secondary\",\"title_breakpoint\":\"xl\",\"title_position\":\"top-left\",\"title_rotation\":\"left\",\"vertical_align\":\"\",\"width\":\"large\",\"width_expand\":\"left\"},\"children\":[{\"type\":\"row\",\"props\":{\"column_gap\":\"large\",\"layout\":\"3-5,2-5\",\"padding_remove_horizontal\":false,\"row_gap\":\"collapse\"},\"children\":[{\"type\":\"column\",\"props\":{\"image_position\":\"center-center\",\"padding\":\"none\",\"position_sticky_breakpoint\":\"m\",\"width_large\":\"3-5\",\"width_medium\":\"1-2\",\"width_small\":\"1-2\"},\"children\":[{\"type\":\"image\",\"props\":{\"animation\":\"none\",\"container_padding_remove\":true,\"image\":\"wp-content\\\/uploads\\\/2025\\\/06\\\/25.png\",\"image_loading\":false,\"image_svg_color\":\"emphasis\",\"image_width\":\"1180\",\"margin\":\"remove-vertical\",\"visibility\":\"s\"}},{\"type\":\"image\",\"props\":{\"animation\":\"none\",\"container_padding_remove\":true,\"image\":\"wp-content\\\/uploads\\\/2025\\\/06\\\/29.png\",\"image_loading\":true,\"image_svg_color\":\"emphasis\",\"image_width\":\"1180\",\"margin\":\"remove-vertical\",\"visibility\":\"s\"}},{\"type\":\"image\",\"props\":{\"animation\":\"none\",\"container_padding_remove\":true,\"image\":\"wp-content\\\/uploads\\\/2025\\\/06\\\/28.png\",\"image_loading\":true,\"image_svg_color\":\"emphasis\",\"image_width\":\"1180\",\"margin\":\"remove-vertical\",\"visibility\":\"s\"}},{\"type\":\"image\",\"props\":{\"animation\":\"none\",\"container_padding_remove\":true,\"image\":\"wp-content\\\/uploads\\\/2025\\\/06\\\/30.png\",\"image_loading\":true,\"image_svg_color\":\"emphasis\",\"image_width\":\"1180\",\"margin\":\"remove-vertical\",\"visibility\":\"s\"}},{\"type\":\"image\",\"props\":{\"animation\":\"none\",\"container_padding_remove\":true,\"image\":\"wp-content\\\/uploads\\\/2025\\\/06\\\/31.png\",\"image_loading\":true,\"image_svg_color\":\"emphasis\",\"image_width\":\"1180\",\"margin\":\"remove-vertical\",\"visibility\":\"s\"}}]},{\"type\":\"column\",\"props\":{\"image_position\":\"center-center\",\"padding\":\"large\",\"position_sticky\":\"column\",\"position_sticky_breakpoint\":\"s\",\"position_sticky_offset\":\"50vh - 50%\",\"style\":\"tile-secondary\",\"width_large\":\"2-5\",\"width_medium\":\"1-2\",\"width_small\":\"1-2\"},\"children\":[{\"type\":\"gallery\",\"props\":{\"filter_align\":\"left\",\"filter_all\":true,\"filter_grid_breakpoint\":\"m\",\"filter_grid_width\":\"auto\",\"filter_position\":\"top\",\"filter_style\":\"tab\",\"grid_default\":\"2\",\"grid_medium\":\"\",\"item_animation\":true,\"lightbox_bg_close\":true,\"link_style\":\"default\",\"link_text\":\"Read more\",\"margin\":\"small\",\"margin_remove_top\":false,\"meta_align\":\"below-title\",\"meta_element\":\"div\",\"meta_style\":\"text-meta\",\"overlay_hover\":false,\"overlay_mode\":\"caption\",\"overlay_position\":\"center\",\"overlay_style\":\"overlay-primary\",\"overlay_transition\":\"fade\",\"show_content\":true,\"show_hover_image\":true,\"show_hover_video\":true,\"show_link\":true,\"show_meta\":true,\"show_title\":true,\"text_align\":\"center\",\"text_color\":\"light\",\"title_element\":\"h3\",\"title_hover_style\":\"reset\",\"visibility\":\"hidden-s\"},\"children\":[{\"type\":\"gallery_item\",\"props\":{\"image\":\"wp-content\\\/uploads\\\/2025\\\/06\\\/25.png\"}},{\"type\":\"gallery_item\",\"props\":{\"image\":\"wp-content\\\/uploads\\\/2025\\\/06\\\/29.png\"}},{\"type\":\"gallery_item\",\"props\":{\"image\":\"wp-content\\\/uploads\\\/2025\\\/06\\\/28.png\"}},{\"type\":\"gallery_item\",\"props\":{\"image\":\"wp-content\\\/uploads\\\/2025\\\/06\\\/31.png\"}}]},{\"type\":\"headline\",\"props\":{\"block_align\":\"center\",\"content\":\"Amenities del Hospital Metropolitano\",\"margin\":\"medium\",\"margin_remove_bottom\":true,\"maxwidth\":\"large\",\"title_element\":\"h2\",\"title_style\":\"h6\"}},{\"type\":\"headline\",\"props\":{\"block_align\":\"center\",\"content\":\"Una novedosa forma de ejercer la salud.\",\"margin\":\"small\",\"maxwidth\":\"large\",\"title_element\":\"div\",\"title_style\":\"h1\"}},{\"type\":\"text\",\"props\":{\"block_align\":\"center\",\"column_breakpoint\":\"m\",\"content\":\"\n\n<p>San Patricio Smart Living introduce el primer complejo m\\u00e9dico de Cumbay\\u00e1 enfocado en la excelencia profesional y el bienestar integral. Sus torres albergan consultorios de \\u00faltima generaci\\u00f3n y amenities exclusivas \\u2014lobby de doble altura, Doctor\\u2019s Gym, rooftop running track, lounges y salas de reuniones ejecutivas\\u2014 complementadas con estacionamientos cubiertos, cinco ascensores de alta velocidad y seguridad 24\\\/7 con acceso biom\\u00e9trico. Todo el proyecto se sustenta en criterios de sostenibilidad: sistemas de ahorro de agua y energ\\u00eda, recuperaci\\u00f3n del 80 % de la vegetaci\\u00f3n nativa y protecci\\u00f3n UV, creando un entorno eficiente, saludable y vanguardista para m\\u00e9dicos y pacientes.<\\\/p>\",\"margin\":\"small\",\"margin_remove_bottom\":true,\"margin_remove_top\":false,\"maxwidth\":\"large\"}}]}]}],\"name\":\"Amenities departamentos\"},{\"name\":\"Call to Action\",\"type\":\"section\",\"props\":{\"id\":\"contact\",\"image_position\":\"center-center\",\"image_size\":\"cover\",\"padding\":\"large\",\"padding_remove_bottom\":false,\"style\":\"muted\",\"title_breakpoint\":\"xl\",\"title_position\":\"top-left\",\"title_rotation\":\"left\",\"vertical_align\":\"\",\"width\":\"small\"},\"children\":[{\"type\":\"row\",\"children\":[{\"type\":\"column\",\"props\":{\"image_position\":\"center-center\",\"position_sticky_breakpoint\":\"m\",\"vertical_align\":\"middle\"},\"children\":[{\"type\":\"headline\",\"props\":{\"content\":\"Cont\\u00e1ctanos\",\"maxwidth\":\"2xlarge\",\"position\":\"relative\",\"position_z_index\":\"1\",\"title_element\":\"div\",\"title_style\":\"heading-medium\"}},{\"type\":\"html\",\"props\":{\"content\":\"<script type=\\\"module\\\">\\n  import Typebot from 'https:\\\/\\\/cdn.jsdelivr.net\\\/npm\\\/@typebot.io\\\/js@0.3\\\/dist\\\/web.js';\\n\\n  Typebot.initStandard({ typebot: \\\"san-patricio-contacto-3cv4aqi\\\" });\\n<\\\/script>\\n\\n<typebot-standard style=\\\"width: 100%; height: 400px; \\\"><\\\/typebot-standard>\"}}]}],\"props\":{\"column_gap\":\"collapse\"}}]}],\"version\":\"4.5.13\"} --><\/p>\n","protected":false},"excerpt":{"rendered":"<p>Hospital Metropolitano Cont\u00e1ctanos Un proyecto que brindar\u00e1 un\u00a0moderno concepto de salud a todo Cumbay\u00e1. Un nuevo concepto m\u00e9dico en Cumbay\u00e1 Estamos construyendo el nuevo Hospital Metropolitano San Patricio. Se trata de una propuesta que busca descentralizar el sistema de salud, ofreci\u00e9ndole a la comunidad la posibilidad de acceder a un excelente servicio de salud privada [&hellip;]<\/p>\n","protected":false},"author":1,"featured_media":0,"parent":0,"menu_order":0,"comment_status":"closed","ping_status":"closed","template":"","meta":{"_acf_changed":false,"footnotes":""},"class_list":["post-2677","page","type-page","status-publish","hentry"],"acf":[],"_links":{"self":[{"href":"https:\/\/sanpatricio.cloud.nextbitness.com\/index.php?rest_route=\/wp\/v2\/pages\/2677","targetHints":{"allow":["GET"]}}],"collection":[{"href":"https:\/\/sanpatricio.cloud.nextbitness.com\/index.php?rest_route=\/wp\/v2\/pages"}],"about":[{"href":"https:\/\/sanpatricio.cloud.nextbitness.com\/index.php?rest_route=\/wp\/v2\/types\/page"}],"author":[{"embeddable":true,"href":"https:\/\/sanpatricio.cloud.nextbitness.com\/index.php?rest_route=\/wp\/v2\/users\/1"}],"replies":[{"embeddable":true,"href":"https:\/\/sanpatricio.cloud.nextbitness.com\/index.php?rest_route=%2Fwp%2Fv2%2Fcomments&post=2677"}],"version-history":[{"count":32,"href":"https:\/\/sanpatricio.cloud.nextbitness.com\/index.php?rest_route=\/wp\/v2\/pages\/2677\/revisions"}],"predecessor-version":[{"id":2889,"href":"https:\/\/sanpatricio.cloud.nextbitness.com\/index.php?rest_route=\/wp\/v2\/pages\/2677\/revisions\/2889"}],"wp:attachment":[{"href":"https:\/\/sanpatricio.cloud.nextbitness.com\/index.php?rest_route=%2Fwp%2Fv2%2Fmedia&parent=2677"}],"curies":[{"name":"wp","href":"https:\/\/api.w.org\/{rel}","templated":true}]}}